{"id":12,"date":"2021-10-24T14:43:11","date_gmt":"2021-10-24T12:43:11","guid":{"rendered":"https:\/\/kubaszymanski.com\/?page_id=12"},"modified":"2021-12-05T16:01:54","modified_gmt":"2021-12-05T15:01:54","slug":"about","status":"publish","type":"page","link":"https:\/\/kubaszymanski.com\/index.php\/about\/","title":{"rendered":"About"},"content":{"rendered":"<p>[et_pb_section fb_built=&#8221;1&#8243; _builder_version=&#8221;4.11.4&#8243; _module_preset=&#8221;default&#8221; background_color=&#8221;#262626&#8243; width=&#8221;100%&#8221; global_colors_info=&#8221;{}&#8221;][et_pb_row column_structure=&#8221;1_2,1_2&#8243; _builder_version=&#8221;4.11.4&#8243; _module_preset=&#8221;default&#8221; max_width=&#8221;1920px&#8221; global_colors_info=&#8221;{}&#8221;][et_pb_column type=&#8221;1_2&#8243; _builder_version=&#8221;4.11.4&#8243; _module_preset=&#8221;default&#8221; global_colors_info=&#8221;{}&#8221;][et_pb_image src=&#8221;https:\/\/kubaszymanski.com\/wp-content\/uploads\/2021\/11\/portret_01_small.jpg&#8221; title_text=&#8221;portret_01_small&#8221; _builder_version=&#8221;4.10.8&#8243; _module_preset=&#8221;default&#8221; hover_enabled=&#8221;0&#8243; global_colors_info=&#8221;{}&#8221; sticky_enabled=&#8221;0&#8243; force_fullwidth=&#8221;on&#8221;][\/et_pb_image][\/et_pb_column][et_pb_column type=&#8221;1_2&#8243; _builder_version=&#8221;4.11.4&#8243; _module_preset=&#8221;default&#8221; global_colors_info=&#8221;{}&#8221;][et_pb_text _builder_version=&#8221;4.10.8&#8243; _module_preset=&#8221;default&#8221; text_text_color=&#8221;#FFFFFF&#8221; text_font_size=&#8221;13px&#8221; custom_padding=&#8221;||0px|||&#8221; hover_enabled=&#8221;0&#8243; global_colors_info=&#8221;{}&#8221; sticky_enabled=&#8221;0&#8243;]<\/p>\n<p style=\"text-align: justify;\"><strong>Jakub Szyma\u0144ski<\/strong><span>\u00a0<\/span>\u2013 year 68. Veterinary doctor by profession. He graduated from the Faculty of Veterinary Medicine at the University of Life Sciences in Lublin and the Faculty of Veterinary Medicine at the University of Utrecht in the Netherlands. In a conscious way, he began to photograph in high school. It was traditional photography, hundreds of hours spent in the darkroom.\u00a0Currently, he works in reportage, documentary and socially engaged photography. His most important interests focus on the condition of man and his activities. He is interested in the relationship of man with his own surroundings. Photographing people in their natural environment during work and daily activities give him a lot of fun. He likes to carry out long-term projects, searching for the truth in his own topic. He participated in many outdoor photography workshops organized by the Association of Polish Art Photographers, the Union of Polish Nature Photographers, the Photoclub of the Republic of Poland and the Photoklub of Podlasie.<\/p>\n<p>[\/et_pb_text][et_pb_text _builder_version=&#8221;4.10.8&#8243; _module_preset=&#8221;default&#8221; text_text_color=&#8221;#FFFFFF&#8221; text_font_size=&#8221;13px&#8221; hover_enabled=&#8221;0&#8243; global_colors_info=&#8221;{}&#8221; sticky_enabled=&#8221;0&#8243;]<\/p>\n<p style=\"text-align: justify;\">Co-founder of Creative Group \u201eMotycz\u201d. Together with friends for 5 years he worked on photographic projects showing various aspects of life of the inhabitants of Eastern Poland. Since March 2016, a member of the Association of Polish Art Photographers \u2013 Lublin district.\u00a0Scholarship holder of the Minister of Culture and National Heritage in 2018.<\/p>\n<p>Laureate of many photo contests. Juror of photo contests titled \u201eTradition in focus\u201d organized by the Association of Folk Animators at the International Folk Music Festival \u201eMiko\u0142ajki Folkowe\u201d in Lublin and the 6th National Photographic Competition of Doctors and Medical Students.<\/p>\n<p>[\/et_pb_text][\/et_pb_column][\/et_pb_row][et_pb_row column_structure=&#8221;1_2,1_2&#8243; _builder_version=&#8221;4.11.4&#8243; _module_preset=&#8221;default&#8221; max_width=&#8221;1920px&#8221; global_colors_info=&#8221;{}&#8221;][et_pb_column type=&#8221;1_2&#8243; _builder_version=&#8221;4.11.4&#8243; _module_preset=&#8221;default&#8221; global_colors_info=&#8221;{}&#8221;][et_pb_text _builder_version=&#8221;4.11.4&#8243; _module_preset=&#8221;default&#8221; text_text_color=&#8221;#FFFFFF&#8221; text_font_size=&#8221;13px&#8221; custom_padding=&#8221;2px|||||&#8221; global_colors_info=&#8221;{}&#8221;]<\/p>\n<p>Individual exhibitions:<br \/>\u2013 Photo exhibition \u201eProfession craftsman. I work here \u201e- Gallery After 111 Steps, Youth Culture Center No. 2, Lublin, 2018<br \/>\u2013 Photo exhibition \u201eHere works a craftsman\u201d \u2013 Gallery 1 Floor of the Culture Center, Bia\u0142a Podlaska, 2018<br \/>\u2013 Photo exhibition \u201eHere works a craftsman\u201d \u2013 Gallery Atelier, Che\u0142m, 2018<br \/>\u2013 Photo exhibition \u201eMeetings\u201d \u2013 Gallery im. Micha\u0142 Elwiro Andriolli \u2013 Na\u0142\u0119cz\u00f3w Culture Center, Na\u0142\u0119cz\u00f3w, 2015<br \/>\u2013 Photo exhibition \u201eMeetings\u201d \u2013 \u201eORDY\u201d Gallery of the Culture Center, Kock, 2014<br \/>\u2013 Photo exhibition \u201eMeetings\u201d \u2013 Lublin Cultural Center, Lublin, 2014<br \/>\u2013 Photo exhibition \u201eSaluti di Roma\u201d \u2013 Municipal Public Library. H \u0141opaci\u0144ski, Lublin, 2013<br \/>\u2013 Photo exhibition \u201eHot atmospheres\u201d \u2013 Municipal Public Library. H. \u0141opaci\u0144ski, Lublin, 2013<br \/>\u2013 Photo exhibition \u201eSaluti di Roma\u201d \u2013 Gallery of the Cultural Center, Palace of Princess Jab\u0142onowska, Kock, 2012<br \/>\u2013 Photo exhibition \u201eHot atmospheres\u201d \u2013 Gallery Oran\u017ceria, Radzy\u0144 Podlaski, 2002<\/p>\n<p>[\/et_pb_text][\/et_pb_column][et_pb_column type=&#8221;1_2&#8243; _builder_version=&#8221;4.11.4&#8243; _module_preset=&#8221;default&#8221; global_colors_info=&#8221;{}&#8221;][et_pb_image src=&#8221;https:\/\/kubaszymanski.com\/wp-content\/uploads\/2021\/10\/DSC_5548-szare-1.jpg&#8221; title_text=&#8221;DSC_5548-szare&#8221; _builder_version=&#8221;4.11.4&#8243; _module_preset=&#8221;default&#8221; global_colors_info=&#8221;{}&#8221;][\/et_pb_image][\/et_pb_column][\/et_pb_row][\/et_pb_section][et_pb_section fb_built=&#8221;1&#8243; admin_label=&#8221;Our Works CTA Section&#8221; _builder_version=&#8221;3.22&#8243; background_color=&#8221;#1a1a1a&#8221; custom_padding=&#8221;0px|0px|0px|0px&#8221; global_colors_info=&#8221;{}&#8221;][\/et_pb_section]<\/p>\n","protected":false},"excerpt":{"rendered":"<p>Jakub Szyma\u0144ski\u00a0\u2013 year 68. Veterinary doctor by profession. He graduated from the Faculty of Veterinary Medicine at the University of Life Sciences in Lublin and the Faculty of Veterinary Medicine at the University of Utrecht in the Netherlands. In a conscious way, he began to photograph in high school. It was traditional photography, hundreds of [&hellip;]<\/p>\n","protected":false},"author":1,"featured_media":0,"parent":0,"menu_order":0,"comment_status":"closed","ping_status":"closed","template":"","meta":{"_et_pb_use_builder":"on","_et_pb_old_content":"","_et_gb_content_width":"","footnotes":""},"class_list":["post-12","page","type-page","status-publish","hentry"],"_links":{"self":[{"href":"https:\/\/kubaszymanski.com\/index.php\/wp-json\/wp\/v2\/pages\/12","targetHints":{"allow":["GET"]}}],"collection":[{"href":"https:\/\/kubaszymanski.com\/index.php\/wp-json\/wp\/v2\/pages"}],"about":[{"href":"https:\/\/kubaszymanski.com\/index.php\/wp-json\/wp\/v2\/types\/page"}],"author":[{"embeddable":true,"href":"https:\/\/kubaszymanski.com\/index.php\/wp-json\/wp\/v2\/users\/1"}],"replies":[{"embeddable":true,"href":"https:\/\/kubaszymanski.com\/index.php\/wp-json\/wp\/v2\/comments?post=12"}],"version-history":[{"count":8,"href":"https:\/\/kubaszymanski.com\/index.php\/wp-json\/wp\/v2\/pages\/12\/revisions"}],"predecessor-version":[{"id":375,"href":"https:\/\/kubaszymanski.com\/index.php\/wp-json\/wp\/v2\/pages\/12\/revisions\/375"}],"wp:attachment":[{"href":"https:\/\/kubaszymanski.com\/index.php\/wp-json\/wp\/v2\/media?parent=12"}],"curies":[{"name":"wp","href":"https:\/\/api.w.org\/{rel}","templated":true}]}}